{"id":1979,"date":"2023-12-14T20:20:33","date_gmt":"2023-12-14T20:20:33","guid":{"rendered":"https:\/\/blackriverbrass.de\/Wordpress\/?page_id=1979"},"modified":"2023-12-14T20:20:34","modified_gmt":"2023-12-14T20:20:34","slug":"satzung","status":"publish","type":"page","link":"https:\/\/www.blackriverbrass.de\/Wordpress\/satzung\/","title":{"rendered":"Satzung"},"content":{"rendered":"\n<p>&nbsp;Satzung der BlackRiverBrass&nbsp;<\/p>\n\n\n\n<p>Beschlossen in der Gr\u00fcndungsversammlung am 23.07.2012 und der fortgef\u00fchrten Gr\u00fcndungsversammlung am 05.11.2012 in Wendelstein.<\/p>\n\n\n\n<p>Ge\u00e4ndert durch Beschluss der Mitgliederversammlung vom 05.03.2022.\u00a0<\/p>\n\n\n\n<p>Ale Bezeichnungen sind geschiechtsneutral.&nbsp;<\/p>\n\n\n\n<p>\u00a7 1 Name, Sitz, Gesch\u00e4ftsjahr&nbsp;<\/p>\n\n\n\n<ol class=\"wp-block-list\">\n<li>Der Verein f\u00fchrt den Namen \u201eBlackRiverBrass e.V.&#8220;.&nbsp;<\/li>\n\n\n\n<li>Der Verein hat seinen Sitz in 90530 Wendelstein und ist in das Vereinsregister des Amtsgerichts N\u00fcrnberg eingetragen.&nbsp;<\/li>\n\n\n\n<li>Das Gesch\u00e4ftsjahr ist das Kalenderjahr.\u00a0<\/li>\n<\/ol>\n\n\n\n<p>\u00a7 2 Vereinszweck und Vereinsziele&nbsp;<\/p>\n\n\n\n<ol class=\"wp-block-list\">\n<li>Der Verein verfolgt ausschlie\u00dflich und unmittelbar gemeinn\u00fctzige Zwecke im Sinne des Abschnitts \u201esteuerbeg\u00fcnstigte Zwecke&#8220; der Abgabenverordnung.&nbsp;<\/li>\n\n\n\n<li>Der Verein dient der F\u00f6rderung von Kunst und Kultur, der Erhaltung der Blasmusik sowie der Pflege des damit verbundenen Brauchtums.&nbsp;<\/li>\n\n\n\n<li>Der Vereinszweck wird verwirklicht insbesondere durch: \n<ul class=\"wp-block-list\">\n<li>die Pflege und Vermittlung von klassischem, traditionellen und modernen Liedgut sowie die Aus- und Fortbildung im musikalischen Bereich von Musikern und Jungmusikern,\u00a0<\/li>\n\n\n\n<li>Durchf\u00fchrung von Konzerten und sonstigen kulturellen Veranstaltungen,&nbsp;<\/li>\n\n\n\n<li>Mitgestaltung des \u00f6ffentlichen Lebens in der Gemeinde durch die Mitwirkungen an Veranstaltungen kultureller Art,\u00a0<\/li>\n<\/ul>\n<\/li>\n\n\n\n<li>Der Verein ist parteipolitisch neutral. Er wird unter Wahrung der politischen und religi\u00f6sen Freiheit seiner Mitglieder nach demokratischen Grunds\u00e4tzen gef\u00fchrt.\u00a0<\/li>\n<\/ol>\n\n\n\n<p>\u00a7 3 Gemeinn\u00fctzigkeit&nbsp;<\/p>\n\n\n\n<ol class=\"wp-block-list\">\n<li>Der Verein ist selbstlos t\u00e4tig; er verfolgt nicht in erster Linie eigenwirtschaftliche Zwecke.\u00a0<\/li>\n\n\n\n<li>Mittel des Vereins d\u00fcrfen nur f\u00fcr die satzungsm\u00e4\u00dfigen Zwecke verwendet werden. Die Mitglieder erhalten keine Zuwendungen aus Mitteln des Vereins.\u00a0<\/li>\n\n\n\n<li>Es darf keine Person durch Ausgaben, die dem Zweck des Vereins fremd sind, oder durch unverh\u00e4ltnism\u00e4\u00dfig hohe Verg\u00fctungen beg\u00fcnstigt werden.\u00a0<\/li>\n<\/ol>\n\n\n\n<p>\u00a7 4 Mitglieder\u00a0<\/p>\n\n\n\n<ol class=\"wp-block-list\">\n<li>Dem Verein geh\u00f6ren an:\u00a0\n<ul class=\"wp-block-list\">\n<li>Aktive Mitglieder:\u00a0<br>nat\u00fcrliche Personen, die ein Musikinstrument, bevorzugt ein Blechblasinstrument, beherrschen. Jedes aktive Mitglied ist angehalten, an den vereinbarten Probeterminen und an Veranstaltungen des Vereins teilzunehmen. F\u00fcr das Mitwirken an solchen Veranstaltungen erh\u00e4lt das aktive Mitglied keine Entsch\u00e4digung.\u00a0<\/li>\n\n\n\n<li>Passive Mitglieder:\u00a0<br>nat\u00fcrliche Personen ohne Altersbegrenzung und nat\u00fcrliche Personen, die sich f\u00fcr eine dauerhafte Ausbildung anmelden. Nach der erfolgreichen Ausbildung erfolgt die Eingliederung in die aktive Mitgliedschaft.\u00a0<\/li>\n\n\n\n<li>F\u00f6rdernde Mitglieder:\u00a0<br>nat\u00fcrliche und juristische Personen, die die Aufgaben und den Zweck des Vereins ideell und materiell unterst\u00fctzen.<\/li>\n<\/ul>\n<\/li>\n\n\n\n<li>Der Antrag auf Aufnahme in den Verein ist unter Verwendung des Aufnahmeantrags schriftlich an den Vorstand zu richten. \u00dcber den Aufnahmeantrag entscheidet der Vorstand.\u00a0<\/li>\n\n\n\n<li>Die Mitgliedschaft endet durch Austritt, Ausschluss, Tod des Mitglieds oder Aufl\u00f6sung des Vereins.&nbsp;<\/li>\n\n\n\n<li>Der Austritt als aktives oder passives Mitglied oder als F\u00f6rdermitglied ist jederzeit zul\u00e4ssig und schriftlich gegen\u00fcber dem Vorstand zu erkl\u00e4ren. Eine Begr\u00fcndung f\u00fcr den Austritt ist nicht erforderlich.&nbsp;<\/li>\n\n\n\n<li>Ein Ausschluss kann nur aus wichtigem Grund erfolgen. Wichtige Gr\u00fcnde sind insbesondere ein die Vereinsziele sch\u00e4digendes Verhalten oder die Verletzung satzungsm\u00e4\u00dfiger Pflichten. \u00dcber den Ausschluss entscheidet der Vorstand.&nbsp;<\/li>\n<\/ol>\n\n\n\n<p>\u00a7 5 Rechte und Pflichten der Mitglieder&nbsp;<\/p>\n\n\n\n<ol class=\"wp-block-list\">\n<li>Alle Mitglieder haben das Recht, nach den Bestimmungen dieser Satzung auf Teilnahme an Versammlungen und Veranstaltungen des Vereins, auf Stellung von Antr\u00e4gen und auf Inanspruchnahme der angebotenen Leistungen des Vereins. Dies gilt insbesondere f\u00fcr die Aus- und Fortbildung im musikalischen Bereich.\u00a0<\/li>\n\n\n\n<li>Alle Mitglieder sind dazu angehalten, die Ziele und Aufgaben des Vereins zu unterst\u00fctzen. Das gilt auch f\u00fcr die Unterst\u00fctzung der Vereinsorgane bei der Umsetzung von Beschl\u00fcssen der Mitgliederversammlung.&nbsp;<\/li>\n<\/ol>\n\n\n\n<p>\u00a7 6 Vereinsorgane&nbsp;<\/p>\n\n\n\n<ol class=\"wp-block-list\">\n<li>Die Vereinsorgane sind\n<ul class=\"wp-block-list\">\n<li>die Mitgliederversammlung,\u00a0<\/li>\n\n\n\n<li>der Vorstand.\u00a0<\/li>\n<\/ul>\n<\/li>\n\n\n\n<li>Der Vorstand besteht aus mindestens zwei Personen. \u00dcber die Zahl der Vorstandsmitglieder entscheidet die Mitgliederversammlung bei der Bestellung des Vorstands. \u00dcber die interne Aufgabenverteilung entscheidet der Vorstand in seiner Gesch\u00e4ftsordnung, die der Mitgliederversammlung bekannt gegeben wird.&nbsp;<\/li>\n\n\n\n<li>Der Vorstand wird durch einfache Mehrheit der Mitgliederversammlung auf die Dauer von vier Jahren gew\u00e4hlt, Er bleibt jedoch so fange im Amt, bis eine Neuwahl erfolgt ist.&nbsp;<\/li>\n\n\n\n<li>Der Vorstand hat die M\u00f6glichkeit, weitere sachkundige Mitglieder zur Erledigung anfallender Aufgaben zu berufen.&nbsp;<\/li>\n\n\n\n<li>Jedes Vorstandsmitglied ist einzeln im Sinne von \u00a7 26 BGB zur Vertretung des Vereins berechtigt. Der Vorstand ist nicht berechtigt, Verbindlichkeiten zu begr\u00fcnden.&nbsp;<\/li>\n\n\n\n<li>Der Vorstand beschlie\u00dft \u00fcber alle laufenden Gesch\u00e4fte des Vereins, soweit nicht die Mitgliederversammlung nach den Bestimmungen dieser Satzung oder Gesetz zust\u00e4ndig ist. Der Vorstand ist f\u00fcr die Umsetzung der Beschl\u00fcsse der Mitgliederversammlung zust\u00e4ndig,&nbsp;<\/li>\n\n\n\n<li>Der Vorstand ist beschlussf\u00e4hig, wenn mindestens zwei der Vorstandsmitglieder bei einer Vorstandssitzung anwesend sind. Beschlussfassungen per E-Mail sind zul\u00e4ssig. Eine Vorstandssitzung kann von jedem Mitglied des Vorstands unter Wahrung einer Frist von zwei Wochen einberufen werden, Eine Einberufung einer Vorstandssitzung ist auch per E-Mail zul\u00e4ssig.&nbsp;<\/li>\n\n\n\n<li>Die Vorstandsmitglieder des Vereins \u00fcben ihr \u00fcbertragenes Amt grunds\u00e4tzlich ehrenamtlich aus. F\u00fcr die ehrenamtliche T\u00e4tigkeit kann eine angemessene Aufwandsentsch\u00e4digung gezahlt werden, die nach Ma\u00dfgabe eines Beschlusses der Mitgliederversammlung unter Beachtung steuerlicher Grunds\u00e4tze festgelegt werden kann.&nbsp;<\/li>\n<\/ol>\n\n\n\n<p>\u00a7 7 Mitgliederversammlung&nbsp;<\/p>\n\n\n\n<ol class=\"wp-block-list\">\n<li>Eine ordentliche Mitgliederversammlung findet alle zwei Jahre statt. Die Einladung erfolgt durch ein Vorstandsmitglied mit Angabe der Tagesordnung schriftlich oder auf elektronischem Weg (Homepage, E-Mail) unter Einhaltung einer 4-Wochen-Frist. Bei Einladung auf elektronischem Weg muss gew\u00e4hrleistet sein, dass alle Mitglieder \u00fcber eine entsprechende Zugangsm\u00f6glichkeit verf\u00fcgen.\u00a0<br>Versammlungsleiter ist ein Mitglied des Vorstands gem\u00e4\u00df \u00a7 6 Punkt 2.\u00a0<\/li>\n\n\n\n<li>Eine au\u00dferordentliche Mitgliederversammlung erfolgt, sofern ein Drittel der Mitglieder dies unter Angabe von Gr\u00fcnden verlangt. Die Einladungsfrist hierf\u00fcr betr\u00e4gt mindestens vier Wochen. Die Einladungsfrist kann verk\u00fcrzt werden, wenn die Mitgliederversammlung dies genehmigt\u00a0<\/li>\n\n\n\n<li>Beschl\u00fcsse werden durch die Mitgliederversammlung getroffen. Der Vorstand ist an die Beschl\u00fcsse der Mitgliederversammlung gebunden.&nbsp;<\/li>\n\n\n\n<li>In der Mitgliederversammlung haben alle aktiven Mitglieder, soweit sie das 16. Lebensjahr vollendet haben, ein Stimmrecht, Die \u00dcbertragung eines Stimmrechts auf andere Personen ist nicht zul\u00e4ssig. Die Stimmabgabe erfolgt grunds\u00e4tzlich mit Handzeichen. Eine schriftliche Stimmabgabe ist notwendig, sobald ein Mitglied dies beantragt.&nbsp;<\/li>\n\n\n\n<li>Die Mitgliederversammlung hat insbesondere folgende Aufgaben:\n<ul class=\"wp-block-list\">\n<li>Neuwahl des Vorstands und Entlastung des bisherigen Vorstands,\u00a0<\/li>\n\n\n\n<li>Beschlussfassung \u00fcber wichtige Angelegenheiten des Vorstandst&nbsp;<\/li>\n\n\n\n<li>Beschlussfassung \u00fcber die \u00c4nderung der Satzung und \u00fcber die Vereinsaufl\u00f6sung.\u00a0<\/li>\n<\/ul>\n<\/li>\n\n\n\n<li>Eine ordentlich einberufene Mitgliederversammlung ist ohne R\u00fccksicht auf die Zahl der erschienenen Mitglieder beschlussf\u00e4hig. Beschl\u00fcsse werden mit einfacher Stimmenmehrheit gefasst.<\/li>\n\n\n\n<li>\u00dcber die Mitgliederversammlung ist ein schriftliches Protokoll anzufertigen, das vom Versammlungsleiter und dem Schriftf\u00fchrer zu unterzeichnen ist.\u00a0<\/li>\n\n\n\n<li>Der Mitgliederversammlung wird eine Einnahmen-\/\u00dcberschussrechnung \u00fcber die finanzielle Entwicklung vorgelegt. Die Mitgliederversammlung kann beschlie\u00dfen, ein aktives Mitglied f\u00fcr die Kassenpr\u00fcfung einzusetzen.\u00a0<\/li>\n<\/ol>\n\n\n\n<p>\u00a7 8 Satzungs\u00e4nderung&nbsp;<\/p>\n\n\n\n<ol class=\"wp-block-list\">\n<li>Eine \u00c4nderung der Satzung kann nur durch die Mitgliederversammlung mit einer Mehrheit von drei Viertel der anwesenden stimmberechtigten Mitglieder erfolgen.&nbsp;<\/li>\n\n\n\n<li>Der Vorstand ist verpflichtet, eine vorgesehene Satzungs\u00e4nderung bei Einladungen zur Mitgliederversammlung als besonderen Tagesordnungspunkt aufzuf\u00fchren.\u00a0<\/li>\n<\/ol>\n\n\n\n<p>\u00a7 9 Vereinsaufl\u00f6sung\u00a0<\/p>\n\n\n\n<ol class=\"wp-block-list\">\n<li>Die Aufl\u00f6sung des Vereins kann nur in einer zu diesem Zweck einberufenen Mitgliederversammlung beschlossen werden.<\/li>\n\n\n\n<li>Bei Aufl\u00f6sung oder Aufhebung des Vereins oder bei Wegfall steuerbeg\u00fcnstigter Zwecke f\u00e4llt das Verm\u00f6gen des Vereins an die Evangelische Kirchengemeinde St. Georg in Wendelstein, die es ausschlie\u00dflich und unmittelbar f\u00fcr gemeinn\u00fctziger mildt\u00e4tige oder kirchliche Zwecke zu verwenden hat.\u00a0<\/li>\n<\/ol>\n\n\n\n<p>\u00a7 10 In-Kraft-Treten&nbsp;<\/p>\n\n\n\n<p>Vorstehende Satzung wurde in der Gr\u00fcndungsversammlung vom 23.07.2012 und in der fortgef\u00fchrten Gr\u00fcndungsversammlung am 05.11.2012 verabschiedet und mit Beschluss vom 05.03.2022 in der Mitgliederversammlung ge\u00e4ndert. Sie tritt mit der Eintragung im Vereinsregister in Kraft. Die Eintragung in das Vereinsregister erfolgte am 27.07.2023.&nbsp;<\/p>\n","protected":false},"excerpt":{"rendered":"<p>&nbsp;Satzung der BlackRiverBrass&nbsp; Beschlossen in der Gr\u00fcndungsversammlung am 23.07.2012 und der fortgef\u00fchrten Gr\u00fcndungsversammlung am 05.11.2012 in Wendelstein. Ge\u00e4ndert durch Beschluss der Mitgliederversammlung vom 05.03.2022.\u00a0 Ale Bezeichnungen sind geschiechtsneutral.&nbsp; \u00a7 1 Name, Sitz, Gesch\u00e4ftsjahr&nbsp; \u00a7 2 Vereinszweck und Vereinsziele&nbsp; \u00a7 3 Gemeinn\u00fctzigkeit&nbsp; \u00a7 4 Mitglieder\u00a0 \u00a7 5 Rechte und Pflichten der Mitglieder&nbsp; \u00a7 6 Vereinsorgane&nbsp; \u00a7 [&hellip;]<\/p>\n","protected":false},"author":8,"featured_media":0,"parent":0,"menu_order":0,"comment_status":"closed","ping_status":"closed","template":"","meta":{"site-sidebar-layout":"default","site-content-layout":"","ast-site-content-layout":"default","site-content-style":"default","site-sidebar-style":"default","ast-global-header-display":"","ast-banner-title-visibility":"","ast-main-header-display":"","ast-hfb-above-header-display":"","ast-hfb-below-header-display":"","ast-hfb-mobile-header-display":"","site-post-title":"","ast-breadcrumbs-content":"","ast-featured-img":"","footer-sml-layout":"","ast-disable-related-posts":"","theme-transparent-header-meta":"","adv-header-id-meta":"","stick-header-meta":"","header-above-stick-meta":"","header-main-stick-meta":"","header-below-stick-meta":"","astra-migrate-meta-layouts":"set","ast-page-background-enabled":"default","ast-page-background-meta":{"desktop":{"background-color":"","background-image":"","background-repeat":"repeat","background-position":"center center","background-size":"auto","background-attachment":"scroll","background-type":"","background-media":"","overlay-type":"","overlay-color":"","overlay-opacity":"","overlay-gradient":""},"tablet":{"background-color":"","background-image":"","background-repeat":"repeat","background-position":"center center","background-size":"auto","background-attachment":"scroll","background-type":"","background-media":"","overlay-type":"","overlay-color":"","overlay-opacity":"","overlay-gradient":""},"mobile":{"background-color":"","background-image":"","background-repeat":"repeat","background-position":"center center","background-size":"auto","background-attachment":"scroll","background-type":"","background-media":"","overlay-type":"","overlay-color":"","overlay-opacity":"","overlay-gradient":""}},"ast-content-background-meta":{"desktop":{"background-color":"var(--ast-global-color-5)","background-image":"","background-repeat":"repeat","background-position":"center center","background-size":"auto","background-attachment":"scroll","background-type":"","background-media":"","overlay-type":"","overlay-color":"","overlay-opacity":"","overlay-gradient":""},"tablet":{"background-color":"var(--ast-global-color-5)","background-image":"","background-repeat":"repeat","background-position":"center center","background-size":"auto","background-attachment":"scroll","background-type":"","background-media":"","overlay-type":"","overlay-color":"","overlay-opacity":"","overlay-gradient":""},"mobile":{"background-color":"var(--ast-global-color-5)","background-image":"","background-repeat":"repeat","background-position":"center center","background-size":"auto","background-attachment":"scroll","background-type":"","background-media":"","overlay-type":"","overlay-color":"","overlay-opacity":"","overlay-gradient":""}},"footnotes":""},"class_list":["post-1979","page","type-page","status-publish","hentry"],"_links":{"self":[{"href":"https:\/\/www.blackriverbrass.de\/Wordpress\/wp-json\/wp\/v2\/pages\/1979","targetHints":{"allow":["GET"]}}],"collection":[{"href":"https:\/\/www.blackriverbrass.de\/Wordpress\/wp-json\/wp\/v2\/pages"}],"about":[{"href":"https:\/\/www.blackriverbrass.de\/Wordpress\/wp-json\/wp\/v2\/types\/page"}],"author":[{"embeddable":true,"href":"https:\/\/www.blackriverbrass.de\/Wordpress\/wp-json\/wp\/v2\/users\/8"}],"replies":[{"embeddable":true,"href":"https:\/\/www.blackriverbrass.de\/Wordpress\/wp-json\/wp\/v2\/comments?post=1979"}],"version-history":[{"count":1,"href":"https:\/\/www.blackriverbrass.de\/Wordpress\/wp-json\/wp\/v2\/pages\/1979\/revisions"}],"predecessor-version":[{"id":1980,"href":"https:\/\/www.blackriverbrass.de\/Wordpress\/wp-json\/wp\/v2\/pages\/1979\/revisions\/1980"}],"wp:attachment":[{"href":"https:\/\/www.blackriverbrass.de\/Wordpress\/wp-json\/wp\/v2\/media?parent=1979"}],"curies":[{"name":"wp","href":"https:\/\/api.w.org\/{rel}","templated":true}]}}